{"id":2,"date":"2019-10-15T23:47:22","date_gmt":"2019-10-15T23:47:22","guid":{"rendered":"http:\/\/argentinayogafest.com\/?page_id=2"},"modified":"2019-10-30T20:09:50","modified_gmt":"2019-10-30T20:09:50","slug":"sample-page","status":"publish","type":"page","link":"http:\/\/argentinayogafest.com\/","title":{"rendered":"Home"},"content":{"rendered":"<p>[et_pb_section fb_built=&#8221;1&#8243; _builder_version=&#8221;4.0.3&#8243; custom_margin=&#8221;0px|0px|0px|0px|false|false&#8221; custom_padding=&#8221;0px|0px|0px|0px|false|false&#8221;][et_pb_row use_custom_gutter=&#8221;on&#8221; gutter_width=&#8221;1&#8243; _builder_version=&#8221;4.0.3&#8243; width=&#8221;100%&#8221; max_width=&#8221;100%&#8221; custom_margin=&#8221;0px|0px|0px|0px|false|false&#8221; custom_padding=&#8221;0px|0px|0px|0px|false|false&#8221;][et_pb_column type=&#8221;4_4&#8243; _builder_version=&#8221;4.0.3&#8243;][et_pb_slider _builder_version=&#8221;4.0.3&#8243; link_option_url=&#8221;#programa&#8221; box_shadow_style_image=&#8221;preset1&#8243; box_shadow_spread_image=&#8221;18px&#8221;][et_pb_slide heading=&#8221;Argentina Yoga Fest 2019&#8243; button_text=&#8221;Programa&#8221; image=&#8221;http:\/\/argentinayogafest.com\/wp-content\/uploads\/2019\/10\/Afiche-Moro\u0301n-1.jpg&#8221; use_bg_overlay=&#8221;on&#8221; bg_overlay_color=&#8221;rgba(66,13,89,0.64)&#8221; _builder_version=&#8221;4.0.3&#8243; background_color=&#8221;rgba(181,27,99,0.59)&#8221; background_enable_color=&#8221;on&#8221; background_image=&#8221;http:\/\/argentinayogafest.com\/wp-content\/uploads\/2019\/10\/Argentina-Yoga-Fest-1.jpg&#8221; background_enable_image=&#8221;on&#8221; parallax=&#8221;on&#8221; width=&#8221;74%&#8221;]<\/p>\n<p>Creando un prop\u00f3sito de vida<\/p>\n<p><strong>Entrada gratuita<\/strong><br \/> <strong>Fecha:<\/strong> S\u00e1bado, 30 de noviembre<br \/> <strong>Lugar:<\/strong> Mor\u00f3n, Reserva Natural Urbana en la provincia de Buenos Aires<\/p>\n<p>[\/et_pb_slide][\/et_pb_slider][\/et_pb_column][\/et_pb_row][\/et_pb_section][et_pb_section fb_built=&#8221;1&#8243; _builder_version=&#8221;3.27.1&#8243;][et_pb_row column_structure=&#8221;1_3,2_3&#8243; _builder_version=&#8221;3.27.1&#8243;][et_pb_column type=&#8221;1_3&#8243; _builder_version=&#8221;3.27.1&#8243;][et_pb_image src=&#8221;http:\/\/argentinayogafest.com\/wp-content\/uploads\/2019\/10\/Argentina-Yoga-Fest-2-1.jpg&#8221; show_in_lightbox=&#8221;on&#8221; _builder_version=&#8221;4.0.3&#8243;][\/et_pb_image][et_pb_image src=&#8221;http:\/\/argentinayogafest.com\/wp-content\/uploads\/2019\/10\/Argentina-Yoga-Fest-3-1.jpg&#8221; show_in_lightbox=&#8221;on&#8221; _builder_version=&#8221;4.0.3&#8243;][\/et_pb_image][\/et_pb_column][et_pb_column type=&#8221;2_3&#8243; _builder_version=&#8221;3.27.1&#8243;][et_pb_text _builder_version=&#8221;4.0.3&#8243;]<\/p>\n<p>Bienvenidos a la 6ta edici\u00f3n de <strong>Argentina Yoga Fest, Festival Nacional de Yoga<\/strong>, dirigido a toda la comunidad. Este festival se inspira en la milenaria tradici\u00f3n india de las grandes <strong>MELAS<\/strong>: encuentros de yoguis y yoguinis, que tienen como objetivo principal compartir sus pr\u00e1cticas y conocimientos. Con el fin de generar una mayor dinamizaci\u00f3n de nuestra energ\u00eda personal y facilitar nuestro desarrollo integral.<\/p>\n<p>En esta oportunidad, el lema de la convocatoria es:\u00a0<strong>Compartir Vitalidad<\/strong>.<br \/> Contaremos con la presencia de Docentes de Yoga, Profesores de distintos m\u00e9todos y sistemas, actividades destinadas a toda la familia orientadas a la sanaci\u00f3n, a la Meditaci\u00f3n y a mejorar nuestra calidad de vida.<\/p>\n<p>[\/et_pb_text][\/et_pb_column][\/et_pb_row][\/et_pb_section][et_pb_section fb_built=&#8221;1&#8243; _builder_version=&#8221;3.27.1&#8243; background_color=&#8221;#dd6b25&#8243;][et_pb_row _builder_version=&#8221;3.27.1&#8243;][et_pb_column type=&#8221;4_4&#8243; _builder_version=&#8221;3.27.1&#8243;][et_pb_text _builder_version=&#8221;3.27.4&#8243; text_text_color=&#8221;#ffffff&#8221; header_2_font=&#8221;Gochi Hand||||||||&#8221; header_2_text_color=&#8221;#ffffff&#8221; header_2_font_size=&#8221;53px&#8221; header_2_letter_spacing=&#8221;11px&#8221;]<\/p>\n<h2 style=\"text-align: center;\"><span>Entrada gratuita<\/span><\/h2>\n<p style=\"text-align: center;\"><span><\/span><\/p>\n<p>[\/et_pb_text][\/et_pb_column][\/et_pb_row][\/et_pb_section][et_pb_section fb_built=&#8221;1&#8243; module_id=&#8221;programa&#8221; _builder_version=&#8221;4.0.3&#8243; background_color=&#8221;#ffffff&#8221;][et_pb_row _builder_version=&#8221;3.27.1&#8243;][et_pb_column type=&#8221;4_4&#8243; _builder_version=&#8221;3.27.1&#8243;][et_pb_image src=&#8221;http:\/\/argentinayogafest.com\/wp-content\/uploads\/2019\/10\/flor.png&#8221; align=&#8221;center&#8221; _builder_version=&#8221;4.0.3&#8243; width=&#8221;16%&#8221;][\/et_pb_image][et_pb_text _builder_version=&#8221;4.0.3&#8243;]<\/p>\n<h2 style=\"text-align: center;\"><span>Argentina Yoga fest 2019 programa<\/span><\/h2>\n<p>[\/et_pb_text][et_pb_text _builder_version=&#8221;4.0.3&#8243; header_4_font=&#8221;Raleway||||||||&#8221; header_4_font_size=&#8221;24px&#8221;]<\/p>\n<h4 style=\"text-align: center;\"><span>1<\/span><span>4.00 hs: \u201cLa danza del Drag\u00f3n Rojo\u201d <\/span><\/h4>\n<p style=\"text-align: center;\"><span>Hansa Yogui Maghavan Natha, nos ofrecer\u00e1 una pr\u00e1ctica de <strong>Uccara Yoga<\/strong>, <br \/>el ancestral arte de los guerreros espirituales para vivir en el aqu\u00ed y ahora. <\/span><\/p>\n<h4 style=\"text-align: center;\"><span><\/span><\/h4>\n<h4 style=\"text-align: center;\"><span>14.50 hs: \u201cTu postura, tu sello vital\u201d <\/span><\/h4>\n<p style=\"text-align: center;\"><span><strong>Perfeccionamiento de asana<\/strong> para desarrollar tu magnetismo personal. <br \/>Profesora de Yoga Vital Terap\u00e9utico Asmi Shakti Devi Natha.<\/span><\/p>\n<p style=\"text-align: center;\"><span><\/span><\/p>\n<h4 style=\"text-align: center;\"><span>15.40 hs: Exhibici\u00f3n <\/span><\/h4>\n<p style=\"text-align: center;\"><span>Yoga Vital para todos. <\/span><\/p>\n<p style=\"text-align: center;\"><span><\/span><\/p>\n<h4 style=\"text-align: center;\"><span>16.00 hs: Presentaci\u00f3n del libro Yoguis que sanan. <\/span><\/h4>\n<p style=\"text-align: center;\"><span>A cargo de Maghavan Natha y Viveka Devi Natha.<\/span><\/p>\n<p style=\"text-align: center;\"><span><\/span><\/p>\n<h4 style=\"text-align: center;\"><span>16.10 hs: Ceremonia del agua. <\/span><\/h4>\n<p style=\"text-align: center;\"><span>Concientizar sobre el uso racional de los <strong>recursos naturales<\/strong>. A cargo de Mandiri Puri Devi Natha y Lakshmi Devi Natha.<\/span><\/p>\n<p style=\"text-align: center;\"><span><\/span><\/p>\n<h4 style=\"text-align: center;\"><span>16.30 hs: \u201cEl n\u00e9ctar de la juventud eterna del cuerpo y la mente\u201d <\/span><\/h4>\n<p style=\"text-align: center;\"><span>Yoga vital para <strong>los a\u00f1os dorados<\/strong>. Por Laya Devi Natha profesora S\u00e9nior en Yoga Vital Terap\u00e9utico. <\/span><\/p>\n<p style=\"text-align: center;\"><span><\/span><\/p>\n<h4 style=\"text-align: center;\"><span>17.20 hs: \u201cYoguis que vuelan en libertad\u201d <\/span><\/h4>\n<p style=\"text-align: center;\"><span>Secuencia din\u00e1mica para desarrollar el Vairagya desapego de lo intrascendente. Profesora de Yoga Vital Vana Devi Natha. <\/span><\/p>\n<h4 style=\"text-align: center;\"><span><\/span><\/h4>\n<h4 style=\"text-align: center;\"><span>18.00 hs: \u201cEl camino a la Realidad, a trav\u00e9s del sonido\u201d <\/span><\/h4>\n<p style=\"text-align: center;\"><span>Las t\u00e9cnicas de <strong>la meditaci\u00f3n vital<\/strong>. Viveka Devi Natha, docente S\u00e9nior de Yoga Vital.<\/span><\/p>\n<p>[\/et_pb_text][et_pb_button button_url=&#8221;#contacto&#8221; button_text=&#8221;Preguntas?&#8221; button_alignment=&#8221;center&#8221; _builder_version=&#8221;4.0.3&#8243;][\/et_pb_button][\/et_pb_column][\/et_pb_row][\/et_pb_section][et_pb_section fb_built=&#8221;1&#8243; _builder_version=&#8221;4.0.3&#8243; background_color=&#8221;#973987&#8243;][et_pb_row _builder_version=&#8221;4.0.3&#8243;][et_pb_column type=&#8221;4_4&#8243; _builder_version=&#8221;4.0.3&#8243;][et_pb_text _builder_version=&#8221;4.0.3&#8243;]<\/p>\n<h3 style=\"text-align: center;\">Te\u00a0 sugerimos llevar<\/h3>\n<p>[\/et_pb_text][\/et_pb_column][\/et_pb_row][et_pb_row column_structure=&#8221;1_2,1_2&#8243; _builder_version=&#8221;4.0.3&#8243;][et_pb_column type=&#8221;1_2&#8243; _builder_version=&#8221;4.0.3&#8243;][et_pb_image src=&#8221;http:\/\/argentinayogafest.com\/wp-content\/uploads\/2019\/10\/Argentina-yoga-festival-yoga-mat.jpg&#8221; align=&#8221;right&#8221; _builder_version=&#8221;4.0.3&#8243; width=&#8221;65%&#8221; module_alignment=&#8221;right&#8221;][\/et_pb_image][\/et_pb_column][et_pb_column type=&#8221;1_2&#8243; _builder_version=&#8221;4.0.3&#8243;][et_pb_text _builder_version=&#8221;4.0.3&#8243; text_text_color=&#8221;#ffffff&#8221;]<\/p>\n<ul>\n<li>Ropa c\u00f3moda como para practicar Yoga.<\/li>\n<li>Recordar llevar alg\u00fan abrigo porque a la tarde refresca.<\/li>\n<li>Colchoneta o Mat o Esterilla.<\/li>\n<li>Lo que tengas o consideres m\u00e1s apropiado.<\/li>\n<li>Gorro o sombrero.<\/li>\n<li>Calzado deportivo, protector solar, agua.<\/li>\n<\/ul>\n<p>[\/et_pb_text][\/et_pb_column][\/et_pb_row][\/et_pb_section][et_pb_section fb_built=&#8221;1&#8243; _builder_version=&#8221;4.0.3&#8243;][et_pb_row _builder_version=&#8221;4.0.3&#8243; column_structure=&#8221;1_3,1_3,1_3&#8243;][et_pb_column _builder_version=&#8221;4.0.3&#8243; type=&#8221;1_3&#8243;][et_pb_image src=&#8221;http:\/\/argentinayogafest.com\/wp-content\/uploads\/2019\/10\/Logo_Ayur-Yoga-Vital-copy.jpg&#8221; _builder_version=&#8221;4.0.3&#8243; hover_enabled=&#8221;0&#8243; align=&#8221;center&#8221; width=&#8221;90%&#8221;][\/et_pb_image][\/et_pb_column][et_pb_column _builder_version=&#8221;4.0.3&#8243; type=&#8221;1_3&#8243;][et_pb_image src=&#8221;http:\/\/argentinayogafest.com\/wp-content\/uploads\/2019\/10\/fundacion-foto.jpg&#8221; _builder_version=&#8221;4.0.3&#8243; hover_enabled=&#8221;0&#8243; width=&#8221;61%&#8221; align=&#8221;center&#8221; custom_margin=&#8221;-23px||||false|false&#8221;][\/et_pb_image][\/et_pb_column][et_pb_column _builder_version=&#8221;4.0.3&#8243; type=&#8221;1_3&#8243;][et_pb_image src=&#8221;http:\/\/argentinayogafest.com\/wp-content\/uploads\/2019\/10\/58379579_653941795045642_8992750353397055488_n.jpg&#8221; _builder_version=&#8221;4.0.3&#8243; hover_enabled=&#8221;0&#8243; align=&#8221;center&#8221; width=&#8221;74%&#8221;][\/et_pb_image][\/et_pb_column][\/et_pb_row][\/et_pb_section][et_pb_section fb_built=&#8221;1&#8243; module_id=&#8221;contacto&#8221; _builder_version=&#8221;4.0.3&#8243; background_color=&#8221;#f9f9f9&#8243; hover_enabled=&#8221;0&#8243;][et_pb_row _builder_version=&#8221;4.0.3&#8243;][et_pb_column type=&#8221;4_4&#8243; _builder_version=&#8221;4.0.3&#8243;][et_pb_text _builder_version=&#8221;4.0.3&#8243;]<\/p>\n<h2 style=\"text-align: center;\">Contacto<\/h2>\n<p style=\"text-align: center;\"><strong>Tienes preguntas?<\/strong><br \/> Conect\u00e1te con\u00a0<span>Mandiri Puri Devi Natha<\/span><\/p>\n<p>[\/et_pb_text][\/et_pb_column][\/et_pb_row][et_pb_row column_structure=&#8221;1_3,1_3,1_3&#8243; _builder_version=&#8221;4.0.3&#8243;][et_pb_column type=&#8221;1_3&#8243; _builder_version=&#8221;4.0.3&#8243;][et_pb_blurb title=&#8221;Tel\u00e9fono&#8221; use_icon=&#8221;on&#8221; font_icon=&#8221;%%264%%&#8221; use_icon_font_size=&#8221;on&#8221; icon_font_size=&#8221;59px&#8221; _builder_version=&#8221;4.0.3&#8243; header_text_color=&#8221;#493c71&#8243; body_text_color=&#8221;#493c71&#8243; text_orientation=&#8221;center&#8221;]<\/p>\n<p>(011) 1559714426<\/p>\n<p>[\/et_pb_blurb][\/et_pb_column][et_pb_column type=&#8221;1_3&#8243; _builder_version=&#8221;4.0.3&#8243;][et_pb_blurb title=&#8221;Whatsapp&#8221; use_icon=&#8221;on&#8221; font_icon=&#8221;%%264%%&#8221; icon_color=&#8221;#ffffff&#8221; use_circle=&#8221;on&#8221; use_icon_font_size=&#8221;on&#8221; icon_font_size=&#8221;25px&#8221; _builder_version=&#8221;4.0.3&#8243; header_text_color=&#8221;#493c71&#8243; body_text_color=&#8221;#493c71&#8243; text_orientation=&#8221;center&#8221;]<\/p>\n<p><span>+5491159714426<\/span><\/p>\n<p>[\/et_pb_blurb][\/et_pb_column][et_pb_column type=&#8221;1_3&#8243; _builder_version=&#8221;4.0.3&#8243;][et_pb_blurb title=&#8221;Email&#8221; use_icon=&#8221;on&#8221; font_icon=&#8221;%%238%%&#8221; use_icon_font_size=&#8221;on&#8221; icon_font_size=&#8221;59px&#8221; _builder_version=&#8221;4.0.3&#8243; header_text_color=&#8221;#493c71&#8243; body_text_color=&#8221;#493c71&#8243; text_orientation=&#8221;center&#8221;]<\/p>\n<p><a href=\"mailto:mandiri@yogavital.com.ar\"><span>mandiri@yogavital.com.ar<\/span><\/a><\/p>\n<p>[\/et_pb_blurb][\/et_pb_column][\/et_pb_row][\/et_pb_section]<\/p>\n","protected":false},"excerpt":{"rendered":"<p>[et_pb_section fb_built=&#8221;1&#8243; _builder_version=&#8221;4.0.3&#8243; custom_margin=&#8221;0px|0px|0px|0px|false|false&#8221; custom_padding=&#8221;0px|0px|0px|0px|false|false&#8221;][et_pb_row use_custom_gutter=&#8221;on&#8221; gutter_width=&#8221;1&#8243; _builder_version=&#8221;4.0.3&#8243; width=&#8221;100%&#8221; max_width=&#8221;100%&#8221; custom_margin=&#8221;0px|0px|0px|0px|false|false&#8221; custom_padding=&#8221;0px|0px|0px|0px|false|false&#8221;][et_pb_column type=&#8221;4_4&#8243; _builder_version=&#8221;4.0.3&#8243;][et_pb_slider _builder_version=&#8221;4.0.3&#8243; link_option_url=&#8221;#programa&#8221; box_shadow_style_image=&#8221;preset1&#8243; box_shadow_spread_image=&#8221;18px&#8221;][et_pb_slide heading=&#8221;Argentina Yoga Fest 2019&#8243; button_text=&#8221;Programa&#8221; image=&#8221;http:\/\/argentinayogafest.com\/wp-content\/uploads\/2019\/10\/Afiche-Moro\u0301n-1.jpg&#8221; use_bg_overlay=&#8221;on&#8221; bg_overlay_color=&#8221;rgba(66,13,89,0.64)&#8221; _builder_version=&#8221;4.0.3&#8243; background_color=&#8221;rgba(181,27,99,0.59)&#8221; background_enable_color=&#8221;on&#8221; background_image=&#8221;http:\/\/argentinayogafest.com\/wp-content\/uploads\/2019\/10\/Argentina-Yoga-Fest-1.jpg&#8221; background_enable_image=&#8221;on&#8221; parallax=&#8221;on&#8221; width=&#8221;74%&#8221;] Creando un prop\u00f3sito de vida Entrada gratuita Fecha: S\u00e1bado, 30 de noviembre Lugar: Mor\u00f3n, Reserva Natural Urbana en la provincia de Buenos [&hellip;]<\/p>\n","protected":false},"author":1,"featured_media":0,"parent":0,"menu_order":0,"comment_status":"closed","ping_status":"open","template":"","meta":{"_et_pb_use_builder":"on","_et_pb_old_content":"<!-- wp:paragraph -->\n<p>This is an example page. It's different from a blog post because it will stay in one place and will show up in your site navigation (in most themes). Most people start with an About page that introduces them to potential site visitors. It might say something like this:<\/p>\n<!-- \/wp:paragraph -->\n\n<!-- wp:quote -->\n<blockquote class=\"wp-block-quote\"><p>Hi there! I'm a bike messenger by day, aspiring actor by night, and this is my website. I live in Los Angeles, have a great dog named Jack, and I like pi\u00f1a coladas. (And gettin' caught in the rain.)<\/p><\/blockquote>\n<!-- \/wp:quote -->\n\n<!-- wp:paragraph -->\n<p>...or something like this:<\/p>\n<!-- \/wp:paragraph -->\n\n<!-- wp:quote -->\n<blockquote class=\"wp-block-quote\"><p>The XYZ Doohickey Company was founded in 1971, and has been providing quality doohickeys to the public ever since. Located in Gotham City, XYZ employs over 2,000 people and does all kinds of awesome things for the Gotham community.<\/p><\/blockquote>\n<!-- \/wp:quote -->\n\n<!-- wp:paragraph -->\n<p>As a new WordPress user, you should go to <a href=\"http:\/\/argentinayogafest.com\/wp-admin\/\">your dashboard<\/a> to delete this page and create new pages for your content. Have fun!<\/p>\n<!-- \/wp:paragraph -->"},"_links":{"self":[{"href":"http:\/\/argentinayogafest.com\/index.php?rest_route=\/wp\/v2\/pages\/2"}],"collection":[{"href":"http:\/\/argentinayogafest.com\/index.php?rest_route=\/wp\/v2\/pages"}],"about":[{"href":"http:\/\/argentinayogafest.com\/index.php?rest_route=\/wp\/v2\/types\/page"}],"author":[{"embeddable":true,"href":"http:\/\/argentinayogafest.com\/index.php?rest_route=\/wp\/v2\/users\/1"}],"replies":[{"embeddable":true,"href":"http:\/\/argentinayogafest.com\/index.php?rest_route=%2Fwp%2Fv2%2Fcomments&post=2"}],"version-history":[{"count":74,"href":"http:\/\/argentinayogafest.com\/index.php?rest_route=\/wp\/v2\/pages\/2\/revisions"}],"predecessor-version":[{"id":180,"href":"http:\/\/argentinayogafest.com\/index.php?rest_route=\/wp\/v2\/pages\/2\/revisions\/180"}],"wp:attachment":[{"href":"http:\/\/argentinayogafest.com\/index.php?rest_route=%2Fwp%2Fv2%2Fmedia&parent=2"}],"curies":[{"name":"wp","href":"https:\/\/api.w.org\/{rel}","templated":true}]}}